{"id":206,"date":"2017-01-17T13:28:54","date_gmt":"2017-01-17T13:28:54","guid":{"rendered":"http:\/\/abogado-consaeptum.rhcloud.com\/?page_id=206"},"modified":"2017-09-10T10:42:20","modified_gmt":"2017-09-10T10:42:20","slug":"abogado-terrassa","status":"publish","type":"page","link":"https:\/\/estapeabogados.com\/ca\/abogado-terrassa","title":{"rendered":"Qui som"},"content":{"rendered":"<div id=\"attachment_70\" style=\"width: 310px\" class=\"wp-caption alignnone\"><img aria-describedby=\"caption-attachment-70\" loading=\"lazy\" class=\"size-medium wp-image-70\" src=\"https:\/\/estapeabogados.com\/wp-content\/uploads\/2017\/01\/JordiSindic-300x300.png\" alt=\"\" width=\"300\" height=\"300\" srcset=\"https:\/\/estapeabogados.com\/wp-content\/uploads\/2017\/01\/JordiSindic-300x300.png 300w, https:\/\/estapeabogados.com\/wp-content\/uploads\/2017\/01\/JordiSindic-150x150.png 150w, https:\/\/estapeabogados.com\/wp-content\/uploads\/2017\/01\/JordiSindic.png 500w\" sizes=\"(max-width: 300px) 100vw, 300px\" \/><p id=\"caption-attachment-70\" class=\"wp-caption-text\">Advocat de Terrassa<\/p><\/div>\n<p class=\"ayuda-txt\">Jordi Estap\u00e9 Madinabeitia (Barcelona, \u200b\u200b1960). Advocat i periodista.<\/p>\n<p class=\"ayuda-txt\">Llicenciat en Dret per la Universitat Oberta de Catalunya (UOC). Col\u00b7legiat n\u00famero 2500 del Il\u00b7lustre Col\u00b7legi d\u2019Advocats de Terrassa (Icater). Graduat a l\u2019Escola de Pr\u00e0ctica Jur\u00eddica (EPJ) i membre de la Comissi\u00f3 de Drets Humans del Col\u00b7legi d\u2019Advocats de Terrassa.\n\nHa estat candidat a S\u00edndic de Greuges de la ciutat de Terrassa.\n\nEl ferm comprom\u00eds amb la just\u00edcia i els drets fonamentals, aix\u00ed com el rigor, l\u2019experi\u00e8ncia i la professionalitat en la defensa dels seus clients, s\u00f3n la base del treball diari de Estap\u00e9 Advocats.<\/p>\n<p class=\"ayuda-txt\">Ha sido candidato a S\u00edndic de Greuges de la ciudad de Terrassa.<\/p>\n<p class=\"ayuda-txt\">El firme compromiso con la justicia y los derechos fundamentales, as\u00ed como el rigor, la experiencia y la profesionalidad en la defensa de sus clientes, son la base del trabajo diario de Estap\u00e9 Abogados.<\/p>\n<p class=\"ayuda-txt\">","protected":false},"excerpt":{"rendered":"<p>Jordi Estap\u00e9 Madinabeitia (Barcelona, 1960). Abogado y periodista. Licenciado en Derecho por la Universitat Oberta de Catalunya (UOC). Colegiado n\u00famero 2500 del Il\u00b7lustre Col\u00b7legi d&#8217;Advocats de Terrassa (Icater). Graduado en la Escola de Pr\u00e0ctica Jur\u00eddica (EPJ) y miembro de la Comisi\u00f3n de Derechos Humanos del Col\u00b7legi d&#8217;Advocats de Terrassa. Ha sido candidato a S\u00edndic de [&hellip;]<\/p>","protected":false},"author":1,"featured_media":0,"parent":0,"menu_order":0,"comment_status":"closed","ping_status":"closed","template":"page-noheaderblog-page.php","meta":[],"_links":{"self":[{"href":"https:\/\/estapeabogados.com\/ca\/wp-json\/wp\/v2\/pages\/206"}],"collection":[{"href":"https:\/\/estapeabogados.com\/ca\/wp-json\/wp\/v2\/pages"}],"about":[{"href":"https:\/\/estapeabogados.com\/ca\/wp-json\/wp\/v2\/types\/page"}],"author":[{"embeddable":true,"href":"https:\/\/estapeabogados.com\/ca\/wp-json\/wp\/v2\/users\/1"}],"replies":[{"embeddable":true,"href":"https:\/\/estapeabogados.com\/ca\/wp-json\/wp\/v2\/comments?post=206"}],"version-history":[{"count":2,"href":"https:\/\/estapeabogados.com\/ca\/wp-json\/wp\/v2\/pages\/206\/revisions"}],"predecessor-version":[{"id":595,"href":"https:\/\/estapeabogados.com\/ca\/wp-json\/wp\/v2\/pages\/206\/revisions\/595"}],"wp:attachment":[{"href":"https:\/\/estapeabogados.com\/ca\/wp-json\/wp\/v2\/media?parent=206"}],"curies":[{"name":"wp","href":"https:\/\/api.w.org\/{rel}","templated":true}]}}