{"id":193,"date":"2017-01-17T08:04:42","date_gmt":"2017-01-17T08:04:42","guid":{"rendered":"http:\/\/abogado-consaeptum.rhcloud.com\/?page_id=193"},"modified":"2017-09-10T10:06:41","modified_gmt":"2017-09-10T10:06:41","slug":"servicios-derecho-penitenciario","status":"publish","type":"page","link":"https:\/\/estapeabogados.com\/ca\/servicios-derecho-penitenciario","title":{"rendered":"Dret Civil"},"content":{"rendered":"<p align=\"justify\"><span style=\"font-family: Arial,sans-serif;\"><span style=\"font-size: large;\">La persona i les relacions que pot establir constitueixen l\u2019eix al voltant del qual s\u2019estructura el dret civil. Aix\u00ed, el concepte fonamental \u00e9s el de la persona en termes jur\u00eddics. Cal partir de quin moment es pot parlar de personalitat jur\u00eddica i tamb\u00e9 quan aquesta s\u2019extingeix, en relaci\u00f3 amb la capacitat jur\u00eddica i la capacitat d\u2019obrar, que seran el vehicle perqu\u00e8 la persona pugui actuar amb plena efic\u00e0cia en l\u2019\u00e0mbit jur\u00eddic i per que els seus actes impliquen conseq\u00fc\u00e8ncies rellevants per a si mateixa o en relaci\u00f3 a tercers.\n\nA part de la persona f\u00edsica ha la persona jur\u00eddica, que \u00e9s l\u2019organitzaci\u00f3 a la qual el dret atribueix personalitat per complir determinats fins tutelats de forma legal.\n\nLa persona, f\u00edsica o jur\u00eddica, es relaciona amb altres subjectes per aconseguir un inter\u00e8s l\u00edcit i tutelat que donar\u00e0 lloc a una relaci\u00f3 jur\u00eddica, i pot ser titular de drets i obligacions de contingut econ\u00f2mic, el que comporta la titularitat d\u2019un patrimoni.<\/span><\/span><\/p>\n<p align=\"justify\"><span style=\"font-family: Arial,sans-serif;\"><span style=\"font-size: large;\">Aparte de la persona f\u00edsica existe la persona jur\u00eddica, que es la organizaci\u00f3n a la cual el derecho atribuye personalidad para cumplir determinados fines tutelados de forma legal.<\/span><\/span><\/p>\n<p align=\"justify\"><span style=\"font-family: Arial,sans-serif;\"><span style=\"font-size: large;\">La persona, f\u00edsica o jur\u00eddica, se relaciona con otros sujetos para conseguir un inter\u00e9s l\u00edcito y tutelado que dar\u00e1 lugar a una relaci\u00f3n jur\u00eddica, y puede ser titular de derechos y obligaciones de contenido econ\u00f3mico, lo que conlleva la titularidad de un patrimonio.<\/span><\/span><\/p>","protected":false},"excerpt":{"rendered":"<p>La persona y las relaciones que puede establecer constituyen el eje alrededor del cual se estructura el derecho civil. As\u00ed, el concepto fundamental es el de la persona en t\u00e9rminos jur\u00eddicos. Es preciso partir de qu\u00e9 momento se puede hablar de personalidad jur\u00eddica y tambi\u00e9n cuando \u00e9sta se extingue, en relaci\u00f3n con la capacidad jur\u00eddica [&hellip;]<\/p>","protected":false},"author":1,"featured_media":0,"parent":0,"menu_order":0,"comment_status":"closed","ping_status":"closed","template":"page-noheaderblog-page.php","meta":[],"_links":{"self":[{"href":"https:\/\/estapeabogados.com\/ca\/wp-json\/wp\/v2\/pages\/193"}],"collection":[{"href":"https:\/\/estapeabogados.com\/ca\/wp-json\/wp\/v2\/pages"}],"about":[{"href":"https:\/\/estapeabogados.com\/ca\/wp-json\/wp\/v2\/types\/page"}],"author":[{"embeddable":true,"href":"https:\/\/estapeabogados.com\/ca\/wp-json\/wp\/v2\/users\/1"}],"replies":[{"embeddable":true,"href":"https:\/\/estapeabogados.com\/ca\/wp-json\/wp\/v2\/comments?post=193"}],"version-history":[{"count":1,"href":"https:\/\/estapeabogados.com\/ca\/wp-json\/wp\/v2\/pages\/193\/revisions"}],"predecessor-version":[{"id":575,"href":"https:\/\/estapeabogados.com\/ca\/wp-json\/wp\/v2\/pages\/193\/revisions\/575"}],"wp:attachment":[{"href":"https:\/\/estapeabogados.com\/ca\/wp-json\/wp\/v2\/media?parent=193"}],"curies":[{"name":"wp","href":"https:\/\/api.w.org\/{rel}","templated":true}]}}