{"id":191,"date":"2017-01-17T08:04:16","date_gmt":"2017-01-17T08:04:16","guid":{"rendered":"http:\/\/abogado-consaeptum.rhcloud.com\/?page_id=191"},"modified":"2017-09-10T10:06:41","modified_gmt":"2017-09-10T10:06:41","slug":"servicios-penal-economico","status":"publish","type":"page","link":"https:\/\/estapeabogados.com\/ca\/servicios-penal-economico","title":{"rendered":"Dret Penal"},"content":{"rendered":"<p align=\"justify\"><span style=\"font-family: Arial,sans-serif;\"><span style=\"font-size: large;\">De totes les branques de l\u2019ordenament jur\u00eddic, la del dret penal \u00e9s la que es mostra m\u00e9s directament sensible als principis constitucionals. No en va s\u2019ha dit que el Codi Penal \u00e9s una Constituci\u00f3 en negatiu. I \u00e9s que la norma fonamental, d\u2019una banda, selecciona els valors al servei dels quals s\u2019ha de posar el cos punitiu i, de l\u2019altra, limita l\u2019actuaci\u00f3 de l\u2019estat per mitj\u00e0 dels principis constitucionals. La llibertat \u00e9s el valor superior de l\u2019ordenament i ha de constituir-se en el fonament de qualsevol intervenci\u00f3 estatal. Els principis de legalitat i intervenci\u00f3 m\u00ednima, principals inspiradors del dret penal, deriven, al seu torn, del principi general de llibertat: l\u2019actuaci\u00f3 de l\u2019estat ha de dirigir-se a l\u2019obtenci\u00f3 del major grau de llibertat dels ciutadans.\n\nLa pena \u00e9s un mal, una privaci\u00f3 de drets amb la qual amena\u00e7a els subjectes en cas que cometin un delicte. I el delicte, al seu torn, pot definir-se com aquella conducta humana descrita per la llei de forma expl\u00edcita i jur\u00eddicament desvalorada en la mesura que resulta negativa per a la conservaci\u00f3 dels valors positius reconeguts per l\u2019ordenament, que \u00e9s fruit de la infracci\u00f3 del deure d\u2019abstenci\u00f3 imposat pel legislador penal i la verificaci\u00f3 comportar\u00e0 una sanci\u00f3.<\/span><\/span><\/p>\n<p align=\"justify\"><span style=\"font-family: Arial,sans-serif;\"><span style=\"font-size: large;\">La pena es un mal, una privaci\u00f3n de derechos con la que se amenaza a los sujetos en caso de que cometan un delito. Y el delito, a su vez, puede definirse como aquella conducta humana descrita por la ley de forma expl\u00edcita y jur\u00eddicamente desvalorada en la medida en que resulta negativa para la conservaci\u00f3n de los valores positivos reconocidos por el ordenamiento, que es fruto de la infracci\u00f3n del deber de abstenci\u00f3n impuesto por el legislador penal y cuya verificaci\u00f3n comportar\u00e1 una sanci\u00f3n.<\/span><\/span><\/p>","protected":false},"excerpt":{"rendered":"<p>De todas las ramas del ordenamiento jur\u00eddico, la del derecho penal es la que se muestra m\u00e1s directamente sensible a los principios constitucionales. No en vano se ha dicho que el C\u00f3digo Penal es una Constituci\u00f3n en negativo. Y es que la norma fundamental, por una parte, selecciona los valores al servicio de los cuales [&hellip;]<\/p>","protected":false},"author":1,"featured_media":0,"parent":0,"menu_order":0,"comment_status":"closed","ping_status":"closed","template":"page-noheaderblog-page.php","meta":[],"_links":{"self":[{"href":"https:\/\/estapeabogados.com\/ca\/wp-json\/wp\/v2\/pages\/191"}],"collection":[{"href":"https:\/\/estapeabogados.com\/ca\/wp-json\/wp\/v2\/pages"}],"about":[{"href":"https:\/\/estapeabogados.com\/ca\/wp-json\/wp\/v2\/types\/page"}],"author":[{"embeddable":true,"href":"https:\/\/estapeabogados.com\/ca\/wp-json\/wp\/v2\/users\/1"}],"replies":[{"embeddable":true,"href":"https:\/\/estapeabogados.com\/ca\/wp-json\/wp\/v2\/comments?post=191"}],"version-history":[{"count":1,"href":"https:\/\/estapeabogados.com\/ca\/wp-json\/wp\/v2\/pages\/191\/revisions"}],"predecessor-version":[{"id":577,"href":"https:\/\/estapeabogados.com\/ca\/wp-json\/wp\/v2\/pages\/191\/revisions\/577"}],"wp:attachment":[{"href":"https:\/\/estapeabogados.com\/ca\/wp-json\/wp\/v2\/media?parent=191"}],"curies":[{"name":"wp","href":"https:\/\/api.w.org\/{rel}","templated":true}]}}