{"id":188,"date":"2017-01-17T08:00:42","date_gmt":"2017-01-17T08:00:42","guid":{"rendered":"http:\/\/abogado-consaeptum.rhcloud.com\/?page_id=188"},"modified":"2017-09-10T10:06:41","modified_gmt":"2017-09-10T10:06:41","slug":"servicios-penal","status":"publish","type":"page","link":"https:\/\/estapeabogados.com\/ca\/servicios-penal","title":{"rendered":"Dret de la Informaci\u00f3"},"content":{"rendered":"<p align=\"justify\"><span style=\"font-family: Arial,sans-serif;\"><span style=\"font-size: large;\">El dret de la informaci\u00f3 sorgeix de l\u2019aplicaci\u00f3 de l\u2019article 20 de la Constituci\u00f3 espanyola i de les lleis que el desenvolupen. Aquestes normes jur\u00eddiques s\u00f3n molt gen\u00e8riques. Aix\u00ed, el Tribunal Suprem i, sobretot, el Tribunal Constitucional han elaborat una doctrina que recull aquells criteris que s\u00f3n invocables quan judicialment es reclama en defensa de les llibertats d\u2019expressi\u00f3 o d\u2019informaci\u00f3, o dels drets de la personalitat (honor, intimitat o imatge).\n\nEn la defensa dels drets fonamentals, el Tribunal Constitucional resol cas per cas els assumptes plantejats pels ciutadans, alhora que du a terme una tasca doctrinal d\u2019interpretaci\u00f3 de l\u2019aplicaci\u00f3 de la Constituci\u00f3 mitjan\u00e7ant les sent\u00e8ncies que pronuncia i que vinculen els poders p\u00fablics (legislatiu, executiu i judicial). Les seves sent\u00e8ncies s\u00f3n inapel\u00b7lables.\n\nNo obstant aix\u00f2, el recurs ser\u00e0 procedent quan s\u2019ha esgotat la via ordin\u00e0ria dels tribunals de just\u00edcia (audi\u00e8ncies territorials o Tribunal Suprem); o sigui, quan no hi ha cap aternativa, ni un altre recurs jurisdiccional contra la sent\u00e8ncia d\u2019aquests tribunals. El recurs haur\u00e0 de fonamentar-se en una violaci\u00f3 dels preceptes constitucionals que reconeixen els drets o llibertats susceptibles d\u2019empara.<\/span><\/span><\/p>\n<p align=\"justify\"><span style=\"font-family: Arial,sans-serif;\"><span style=\"font-size: large;\">En la defensa de los derechos fundamentales, el Tribunal Constitucional resuelve caso por caso los asuntos planteados por los ciudadanos, al tiempo que lleva a cabo una labor doctrinal de interpretaci\u00f3n de la aplicaci\u00f3n de la Constituci\u00f3n mediante las sentencias que pronuncia y que vinculan a los poderes p\u00fablicos (legislativo, ejecutivo y judicial). Sus sentencias son inapelables.<br \/>\n<\/span><\/span><\/p>\n<p align=\"justify\"><span style=\"font-family: Arial,sans-serif;\"><span style=\"font-size: large;\">No obstante, el recurso ser\u00e1 procedente cuando se ha agotado la v\u00eda ordinaria de los tribunales de justicia (audiencias territoriales o Tribunal Supremo); o sea, cuando no hay ninguna aternativa, ni otro recurso jurisdiccional contra la sentencia de estos tribunales. El recurso deber\u00e1 fundamentarse en una violaci\u00f3n de los preceptos constitucionales que reconocen los derechos o libertades susceptibles de amparo.<\/span><\/span><\/p>","protected":false},"excerpt":{"rendered":"<p>El derecho de la informaci\u00f3n surge de la aplicaci\u00f3n del art\u00edculo 20 de la Constituci\u00f3n espa\u00f1ola y de las leyes que lo desarrollan. Estas normas jur\u00eddicas son muy gen\u00e9ricas. As\u00ed, el Tribunal Supremo y, sobre todo, el Tribunal Constitucional han elaborado una doctrina que recoge aquellos criterios que son invocables cuando judicialmente se reclama en [&hellip;]<\/p>","protected":false},"author":1,"featured_media":0,"parent":0,"menu_order":0,"comment_status":"closed","ping_status":"closed","template":"page-noheaderblog-page.php","meta":[],"_links":{"self":[{"href":"https:\/\/estapeabogados.com\/ca\/wp-json\/wp\/v2\/pages\/188"}],"collection":[{"href":"https:\/\/estapeabogados.com\/ca\/wp-json\/wp\/v2\/pages"}],"about":[{"href":"https:\/\/estapeabogados.com\/ca\/wp-json\/wp\/v2\/types\/page"}],"author":[{"embeddable":true,"href":"https:\/\/estapeabogados.com\/ca\/wp-json\/wp\/v2\/users\/1"}],"replies":[{"embeddable":true,"href":"https:\/\/estapeabogados.com\/ca\/wp-json\/wp\/v2\/comments?post=188"}],"version-history":[{"count":1,"href":"https:\/\/estapeabogados.com\/ca\/wp-json\/wp\/v2\/pages\/188\/revisions"}],"predecessor-version":[{"id":576,"href":"https:\/\/estapeabogados.com\/ca\/wp-json\/wp\/v2\/pages\/188\/revisions\/576"}],"wp:attachment":[{"href":"https:\/\/estapeabogados.com\/ca\/wp-json\/wp\/v2\/media?parent=188"}],"curies":[{"name":"wp","href":"https:\/\/api.w.org\/{rel}","templated":true}]}}